{"id":887,"date":"2018-04-25T11:38:18","date_gmt":"2018-04-25T11:38:18","guid":{"rendered":"https:\/\/www.refrica.com\/history\/"},"modified":"2024-03-14T13:49:00","modified_gmt":"2024-03-14T13:49:00","slug":"historia","status":"publish","type":"page","link":"https:\/\/www.refrica.com\/ca\/qui-som\/historia\/","title":{"rendered":"Hist\u00f2ria"},"content":{"rendered":"<div class=\"wpb-content-wrapper\"><p>[vc_row full_width=&#8221;stretch_row_content_no_spaces&#8221; parallax=&#8221;content-moving&#8221; bg_type=&#8221;image&#8221; parallax_style=&#8221;vcpb-default&#8221; bg_image_new=&#8221;id^165|url^https:\/\/www.refrica.com\/wp-content\/uploads\/2018\/05\/portada_histioria.jpg|caption^null|alt^null|title^portada_histioria|description^null&#8221; bg_image_repeat=&#8221;no-repeat&#8221; bg_img_attach=&#8221;fixed&#8221; bg_override=&#8221;ex-full&#8221; css=&#8221;.vc_custom_1525429446860{margin-top: 0px !important;border-top-width: 0px !important;padding-top: 0px !important;background-position: center;background-repeat: no-repeat;background-size: contain !important;}&#8221;][vc_column css=&#8221;.vc_custom_1525487752129{margin-top: 0px !important;border-top-width: 0px !important;padding-top: 0px !important;}&#8221; offset=&#8221;vc_hidden-md vc_hidden-sm vc_hidden-xs&#8221;][vc_empty_space height=&#8221;300&#8243;][vc_column_text css_animation=&#8221;fadeInDown&#8221;]<\/p>\n<h1 style=\"text-align: center;\"><span style=\"color: #f2f2f2;\">HIST\u00d2RIA<\/span><\/h1>\n<p>[\/vc_column_text][vc_empty_space height=&#8221;300&#8243;][\/vc_column][\/vc_row][vc_row full_width=&#8221;stretch_row_content_no_spaces&#8221; parallax=&#8221;content-moving&#8221; bg_type=&#8221;image&#8221; parallax_style=&#8221;vcpb-default&#8221; bg_image_new=&#8221;id^165|url^https:\/\/www.refrica.com\/wp-content\/uploads\/2018\/05\/portada_histioria.jpg|caption^null|alt^null|title^portada_histioria|description^null&#8221; bg_image_repeat=&#8221;no-repeat&#8221; bg_img_attach=&#8221;fixed&#8221; bg_override=&#8221;ex-full&#8221; css=&#8221;.vc_custom_1525429446860{margin-top: 0px !important;border-top-width: 0px !important;padding-top: 0px !important;background-position: center;background-repeat: no-repeat;background-size:contain !important;}&#8221;][vc_column css=&#8221;.vc_custom_1525488072280{margin-top: 0px !important;border-top-width: 0px !important;padding-top: 0px !important;}&#8221; offset=&#8221;vc_hidden-lg vc_hidden-md vc_hidden-sm&#8221;][vc_empty_space height=&#8221;150&#8243;][vc_column_text css_animation=&#8221;fadeInDown&#8221;]<\/p>\n<h1 style=\"text-align: center;\"><span style=\"color: #f2f2f2;\">HIST\u00d2RIA<\/span><\/h1>\n<p>[\/vc_column_text][vc_empty_space height=&#8221;150&#8243;][\/vc_column][\/vc_row][vc_row bg_type=&#8221;image&#8221; parallax_style=&#8221;vcpb-default&#8221; bg_image_repeat=&#8221;no-repeat&#8221; bg_image_size=&#8221;contain&#8221; css=&#8221;.vc_custom_1525430093014{margin-top: 40px !important;margin-bottom: 20px !important;}&#8221;][vc_column width=&#8221;1\/4&#8243;][vc_column_text css_animation=&#8221;none&#8221; css=&#8221;.vc_custom_1710423926879{margin-bottom: 0px !important;padding-bottom: 0px !important;}&#8221;]<\/p>\n<h2><strong><img loading=\"lazy\" decoding=\"async\" class=\"alignleft wp-image-168\" src=\"https:\/\/www.refrica.com\/wp-content\/uploads\/2018\/05\/franja-vermella-titols-64x300.png\" alt=\"\" width=\"29\" height=\"137\" srcset=\"https:\/\/www.refrica.com\/wp-content\/uploads\/2018\/05\/franja-vermella-titols-64x300.png 64w, https:\/\/www.refrica.com\/wp-content\/uploads\/2018\/05\/franja-vermella-titols.png 66w\" sizes=\"auto, (max-width: 29px) 100vw, 29px\" \/>Des de<br \/>\n1948<\/strong><\/h2>\n<p>[\/vc_column_text][\/vc_column][vc_column css_animation=&#8221;fadeInRightBig&#8221; width=&#8221;3\/4&#8243;][vc_column_text]<\/p>\n<p style=\"text-align: justify;\">L\u2019any 1948, Joaquim Casassas va entrar a formar part de l\u2019empresa Jos\u00e9 Sin Martel, una societat especialitzada en refrigeraci\u00f3. Amb la posterior incorporaci\u00f3 de V\u00edctor Casassas i la sortida de Jos\u00e9 Sin de l\u2019accionariat, el nom de l\u2019empresa va passar a ser <strong>Refrigeraci\u00f3 Casassas SA &#8211; REFRICA<\/strong>.<\/p>\n<p style=\"text-align: justify;\">A mesura que la companyia va cr\u00e9ixer, va incorporar enginyers i especialistes de la ind\u00fastria de la refrigeraci\u00f3 industrial per desenvolupar un equip capa\u00e7 de comprendre les necessitats dels clients i oferir-los les millors solucions.<\/p>\n<p>El 2023, <strong>REFRICA<\/strong> va celebrar el seu <strong>75\u00e8 Aniversari<\/strong> i va adquirir l\u2019empresa <strong>FRITECNO<\/strong>, consolidant el lideratge en la Refrigeraci\u00f3 Industrial i el seu comprom\u00eds amb els clients. Aquesta adquisici\u00f3 \u00e9s un pas significatiu a la hist\u00f2ria de Refrica, ja que la converteix en una empresa de refer\u00e8ncia en l&#8217;\u00e0mbit nacional nacional i internacional en el sector del fred industrial.<\/p>\n<p>La combinaci\u00f3 de l&#8217;experi\u00e8ncia i l&#8217;expertesa de Refrica i Fritecno permetr\u00e0 oferir un servei excepcional i solucions de refrigeraci\u00f3 industrial d&#8217;\u00faltima generaci\u00f3 a tots els seus clients.[\/vc_column_text][\/vc_column][\/vc_row][vc_row full_width=&#8221;stretch_row&#8221; parallax=&#8221;content-moving&#8221; bg_type=&#8221;image&#8221; parallax_style=&#8221;vcpb-default&#8221; bg_image_new=&#8221;id^165|url^https:\/\/www.refrica.com\/wp-content\/uploads\/2018\/05\/portada_histioria.jpg|caption^null|alt^null|title^portada_histioria|description^null&#8221; bg_image_repeat=&#8221;no-repeat&#8221; bg_img_attach=&#8221;fixed&#8221; bg_override=&#8221;ex-full&#8221; css=&#8221;.vc_custom_1525429700612{padding-top: 30px !important;background-position: center;background-repeat: no-repeat;background-size: contain !important;}&#8221;][vc_column width=&#8221;1\/3&#8243; css=&#8221;.vc_custom_1525488302621{margin-top: 0px !important;border-top-width: 0px !important;padding-top: 0px !important;}&#8221; offset=&#8221;vc_hidden-xs&#8221;][vc_single_image image=&#8221;158&#8243; img_size=&#8221;full&#8221;][\/vc_column][vc_column width=&#8221;2\/3&#8243; offset=&#8221;vc_hidden-xs&#8221;][vc_column_text]<\/p>\n<h2 style=\"text-align: right;\"><span style=\"color: #f0f0f0;\">Com a fabricants, a Refrica ens hem caracteritzat per la mentalitat de buscar, dissenyar i construir els millors productes del mercat aplicant les \u00faltimes tecnologies del sector i adaptant-les espec\u00edficament a les necessitats del client.<\/span><\/h2>\n<p>[\/vc_column_text][\/vc_column][\/vc_row][vc_row full_width=&#8221;stretch_row&#8221; parallax=&#8221;content-moving&#8221; bg_type=&#8221;image&#8221; parallax_style=&#8221;vcpb-default&#8221; bg_image_new=&#8221;id^165|url^https:\/\/www.refrica.com\/wp-content\/uploads\/2018\/05\/portada_histioria.jpg|caption^null|alt^null|title^portada_histioria|description^null&#8221; bg_image_repeat=&#8221;no-repeat&#8221; bg_img_attach=&#8221;fixed&#8221; bg_override=&#8221;ex-full&#8221; css=&#8221;.vc_custom_1525429700612{padding-top: 30px !important;background-position: center;background-repeat: no-repeat;background-size:contain !important;}&#8221;][vc_column width=&#8221;1\/3&#8243; css=&#8221;.vc_custom_1525488545778{margin-top: 0px !important;border-top-width: 0px !important;padding-top: 0px !important;}&#8221; offset=&#8221;vc_hidden-lg vc_hidden-md vc_hidden-sm&#8221;][vc_single_image image=&#8221;158&#8243; img_size=&#8221;full&#8221;][\/vc_column][vc_column width=&#8221;2\/3&#8243; offset=&#8221;vc_hidden-lg vc_hidden-md vc_hidden-sm&#8221;][vc_column_text]<\/p>\n<h3 style=\"text-align: center;\"><span style=\"color: #f0f0f0;\">At Refrica, we are committed to finding, designing and building the best products on the market by applying the latest technology in the industry and specifically adapting it to our clients\u2019 needs.<\/span><\/h3>\n<p>[\/vc_column_text][\/vc_column][\/vc_row][vc_row css=&#8221;.vc_custom_1525430128153{margin-top: 20px !important;}&#8221;][vc_column css_animation=&#8221;fadeInLeftBig&#8221; width=&#8221;3\/4&#8243;][vc_column_text]<\/p>\n<p style=\"text-align: justify;\">El nostre objectiu \u00e9s que els clients obtinguin el millor producte i el m\u00e0xim rendiment a les seves instal\u00b7lacions i, com a conseq\u00fc\u00e8ncia directa, rendibilitzin les inversions realitzades en el m\u00ednim temps possible.<\/p>\n<p style=\"text-align: justify;\">Som fabricants d&#8217;assecadors artificials per a tot tipus de productes curats (embotits, pernils, etc.) i de cambres de descongelaci\u00f3. A m\u00e9s, som especialistes en t\u00fanels de congelaci\u00f3, cambres de maduraci\u00f3, sales blanques, cambres de fermentaci\u00f3 per a la ind\u00fastria del pa i instal\u00b7lacions completes de refrigeraci\u00f3 industrial.<\/p>\n<p style=\"text-align: justify;\">Els nostres equips i instal\u00b7lacions es troben a tot el m\u00f3n: Estats Units, M\u00e8xic, Vene\u00e7uela, Col\u00f2mbia, Brasil, Argentina, Jap\u00f3, Fran\u00e7a i Portugal, entre altres pa\u00efsos.<\/p>\n<p style=\"text-align: justify;\">Durant els anys noranta i arran de l&#8217;aparici\u00f3 dels aut\u00f2mats, incorporem inform\u00e0tics a l&#8217;empresa. L&#8217;aplicaci\u00f3 d&#8217;aquesta tecnologia en el sector de la refrigeraci\u00f3 ens va permetre assumir el control de les instal\u00b7lacions de forma centralitzada i aquest departament va passar a ser una de les peces m\u00e9s importants de la nostra empresa. Gr\u00e0cies a l&#8217;aposta que vam realitzar, mai hem estat supeditats a empreses externes.<\/p>\n<p style=\"text-align: justify;\">Avui dia no es concep una instal\u00b7laci\u00f3 amb un m\u00ednim d&#8217;entitat sense la possibilitat de supervisar de forma remota mitjan\u00e7ant teleassist\u00e8ncia, \u00e9s a dir, amb l&#8217;enviament de notificacions via missatges als responsables de manteniment i de qualitat.<\/p>\n<p>[\/vc_column_text][\/vc_column][vc_column width=&#8221;1\/4&#8243;][\/vc_column][\/vc_row]<\/p>\n<\/div>","protected":false},"excerpt":{"rendered":"<p>[vc_row full_width=&#8221;stretch_row_content_no_spaces&#8221; parallax=&#8221;content-moving&#8221; bg_type=&#8221;image&#8221; parallax_style=&#8221;vcpb-default&#8221; bg_image_new=&#8221;id^165|url^https:\/\/www.refrica.com\/wp-content\/uploads\/2018\/05\/portada_histioria.jpg|caption^null|alt^null|title^portada_histioria|description^null&#8221; bg_image_repeat=&#8221;no-repeat&#8221; bg_img_attach=&#8221;fixed&#8221; bg_override=&#8221;ex-full&#8221; css=&#8221;.vc_custom_1525429446860{margin-top: 0px !important;border-top-width: 0px !important;padding-top: 0px !important;background-position: center;background-repeat: no-repeat;background-size: contain !important;}&#8221;][vc_column css=&#8221;.vc_custom_1525487752129{margin-top: 0px !important;border-top-width: 0px !important;padding-top: 0px !important;}&#8221; offset=&#8221;vc_hidden-md vc_hidden-sm vc_hidden-xs&#8221;][vc_empty_space height=&#8221;300&#8243;][vc_column_text css_animation=&#8221;fadeInDown&#8221;] HIST\u00d2RIA [\/vc_column_text][vc_empty_space height=&#8221;300&#8243;][\/vc_column][\/vc_row][vc_row full_width=&#8221;stretch_row_content_no_spaces&#8221; parallax=&#8221;content-moving&#8221; bg_type=&#8221;image&#8221; parallax_style=&#8221;vcpb-default&#8221; bg_image_new=&#8221;id^165|url^https:\/\/www.refrica.com\/wp-content\/uploads\/2018\/05\/portada_histioria.jpg|caption^null|alt^null|title^portada_histioria|description^null&#8221; bg_image_repeat=&#8221;no-repeat&#8221; bg_img_attach=&#8221;fixed&#8221; bg_override=&#8221;ex-full&#8221; css=&#8221;.vc_custom_1525429446860{margin-top: 0px !important;border-top-width: 0px !important;padding-top: 0px !important;background-position: center;background-repeat: no-repeat;background-size:contain !important;}&#8221;][vc_column css=&#8221;.vc_custom_1525488072280{margin-top: 0px&hellip;<\/p>\n","protected":false},"author":1,"featured_media":0,"parent":959,"menu_order":0,"comment_status":"closed","ping_status":"closed","template":"","meta":{"footnotes":""},"class_list":["post-887","page","type-page","status-publish","hentry","description-off"],"yoast_head":"<!-- This site is optimized with the Yoast SEO plugin v26.6 - https:\/\/yoast.com\/wordpress\/plugins\/seo\/ -->\n<title>Hist\u00f2ria - REFRICA<\/title>\n<meta name=\"robots\" content=\"index, follow, max-snippet:-1, max-image-preview:large, max-video-preview:-1\" \/>\n<link rel=\"canonical\" href=\"https:\/\/www.refrica.com\/ca\/qui-som\/historia\/\" \/>\n<meta property=\"og:locale\" content=\"ca_ES\" \/>\n<meta property=\"og:type\" content=\"article\" \/>\n<meta property=\"og:title\" content=\"Hist\u00f2ria - REFRICA\" \/>\n<meta property=\"og:description\" content=\"[vc_row full_width=&#8221;stretch_row_content_no_spaces&#8221; parallax=&#8221;content-moving&#8221; bg_type=&#8221;image&#8221; parallax_style=&#8221;vcpb-default&#8221; bg_image_new=&#8221;id^165|url^https:\/\/www.refrica.com\/wp-content\/uploads\/2018\/05\/portada_histioria.jpg|caption^null|alt^null|title^portada_histioria|description^null&#8221; bg_image_repeat=&#8221;no-repeat&#8221; bg_img_attach=&#8221;fixed&#8221; bg_override=&#8221;ex-full&#8221; css=&#8221;.vc_custom_1525429446860{margin-top: 0px !important;border-top-width: 0px !important;padding-top: 0px !important;background-position: center;background-repeat: no-repeat;background-size: contain !important;}&#8221;][vc_column css=&#8221;.vc_custom_1525487752129{margin-top: 0px !important;border-top-width: 0px !important;padding-top: 0px !important;}&#8221; offset=&#8221;vc_hidden-md vc_hidden-sm vc_hidden-xs&#8221;][vc_empty_space height=&#8221;300&#8243;][vc_column_text css_animation=&#8221;fadeInDown&#8221;] HIST\u00d2RIA [\/vc_column_text][vc_empty_space height=&#8221;300&#8243;][\/vc_column][\/vc_row][vc_row full_width=&#8221;stretch_row_content_no_spaces&#8221; parallax=&#8221;content-moving&#8221; bg_type=&#8221;image&#8221; parallax_style=&#8221;vcpb-default&#8221; bg_image_new=&#8221;id^165|url^https:\/\/www.refrica.com\/wp-content\/uploads\/2018\/05\/portada_histioria.jpg|caption^null|alt^null|title^portada_histioria|description^null&#8221; bg_image_repeat=&#8221;no-repeat&#8221; bg_img_attach=&#8221;fixed&#8221; bg_override=&#8221;ex-full&#8221; css=&#8221;.vc_custom_1525429446860{margin-top: 0px !important;border-top-width: 0px !important;padding-top: 0px !important;background-position: center;background-repeat: no-repeat;background-size:contain !important;}&#8221;][vc_column css=&#8221;.vc_custom_1525488072280{margin-top: 0px&hellip;\" \/>\n<meta property=\"og:url\" content=\"https:\/\/www.refrica.com\/ca\/qui-som\/historia\/\" \/>\n<meta property=\"og:site_name\" content=\"REFRICA\" \/>\n<meta property=\"article:publisher\" content=\"https:\/\/www.facebook.com\/Refrica-170080633137333\/\" \/>\n<meta property=\"article:modified_time\" content=\"2024-03-14T13:49:00+00:00\" \/>\n<meta property=\"og:image\" content=\"https:\/\/www.refrica.com\/wp-content\/uploads\/2018\/05\/franja-vermella-titols-64x300.png\" \/>\n<meta name=\"twitter:card\" content=\"summary_large_image\" \/>\n<meta name=\"twitter:site\" content=\"@refrica_sa\" \/>\n<meta name=\"twitter:label1\" content=\"Temps estimat de lectura\" \/>\n\t<meta name=\"twitter:data1\" content=\"3 minuts\" \/>\n<script type=\"application\/ld+json\" class=\"yoast-schema-graph\">{\"@context\":\"https:\/\/schema.org\",\"@graph\":[{\"@type\":\"WebPage\",\"@id\":\"https:\/\/www.refrica.com\/ca\/qui-som\/historia\/\",\"url\":\"https:\/\/www.refrica.com\/ca\/qui-som\/historia\/\",\"name\":\"Hist\u00f2ria - REFRICA\",\"isPartOf\":{\"@id\":\"https:\/\/www.refrica.com\/#website\"},\"primaryImageOfPage\":{\"@id\":\"https:\/\/www.refrica.com\/ca\/qui-som\/historia\/#primaryimage\"},\"image\":{\"@id\":\"https:\/\/www.refrica.com\/ca\/qui-som\/historia\/#primaryimage\"},\"thumbnailUrl\":\"https:\/\/www.refrica.com\/wp-content\/uploads\/2018\/05\/franja-vermella-titols-64x300.png\",\"datePublished\":\"2018-04-25T11:38:18+00:00\",\"dateModified\":\"2024-03-14T13:49:00+00:00\",\"breadcrumb\":{\"@id\":\"https:\/\/www.refrica.com\/ca\/qui-som\/historia\/#breadcrumb\"},\"inLanguage\":\"ca\",\"potentialAction\":[{\"@type\":\"ReadAction\",\"target\":[\"https:\/\/www.refrica.com\/ca\/qui-som\/historia\/\"]}]},{\"@type\":\"ImageObject\",\"inLanguage\":\"ca\",\"@id\":\"https:\/\/www.refrica.com\/ca\/qui-som\/historia\/#primaryimage\",\"url\":\"https:\/\/www.refrica.com\/wp-content\/uploads\/2018\/05\/franja-vermella-titols-64x300.png\",\"contentUrl\":\"https:\/\/www.refrica.com\/wp-content\/uploads\/2018\/05\/franja-vermella-titols-64x300.png\"},{\"@type\":\"BreadcrumbList\",\"@id\":\"https:\/\/www.refrica.com\/ca\/qui-som\/historia\/#breadcrumb\",\"itemListElement\":[{\"@type\":\"ListItem\",\"position\":1,\"name\":\"Portada\",\"item\":\"https:\/\/www.refrica.com\/ca\/\"},{\"@type\":\"ListItem\",\"position\":2,\"name\":\"Qui som\",\"item\":\"https:\/\/www.refrica.com\/ca\/qui-som\/\"},{\"@type\":\"ListItem\",\"position\":3,\"name\":\"Hist\u00f2ria\"}]},{\"@type\":\"WebSite\",\"@id\":\"https:\/\/www.refrica.com\/#website\",\"url\":\"https:\/\/www.refrica.com\/\",\"name\":\"REFRICA\",\"description\":\"La importancia del fr&iacute;o\",\"publisher\":{\"@id\":\"https:\/\/www.refrica.com\/#organization\"},\"potentialAction\":[{\"@type\":\"SearchAction\",\"target\":{\"@type\":\"EntryPoint\",\"urlTemplate\":\"https:\/\/www.refrica.com\/?s={search_term_string}\"},\"query-input\":{\"@type\":\"PropertyValueSpecification\",\"valueRequired\":true,\"valueName\":\"search_term_string\"}}],\"inLanguage\":\"ca\"},{\"@type\":\"Organization\",\"@id\":\"https:\/\/www.refrica.com\/#organization\",\"name\":\"Refrica\",\"url\":\"https:\/\/www.refrica.com\/\",\"logo\":{\"@type\":\"ImageObject\",\"inLanguage\":\"ca\",\"@id\":\"https:\/\/www.refrica.com\/#\/schema\/logo\/image\/\",\"url\":\"https:\/\/www.refrica.com\/wp-content\/uploads\/2018\/05\/LOGO-REFRICA-02.png\",\"contentUrl\":\"https:\/\/www.refrica.com\/wp-content\/uploads\/2018\/05\/LOGO-REFRICA-02.png\",\"width\":3508,\"height\":1147,\"caption\":\"Refrica\"},\"image\":{\"@id\":\"https:\/\/www.refrica.com\/#\/schema\/logo\/image\/\"},\"sameAs\":[\"https:\/\/www.facebook.com\/Refrica-170080633137333\/\",\"https:\/\/x.com\/refrica_sa\",\"https:\/\/www.instagram.com\/refrica_sa\/\",\"https:\/\/www.linkedin.com\/company\/refrica\/\",\"https:\/\/www.youtube.com\/channel\/UCXZjTL17dq9iiBCQW9QJDow\"]}]}<\/script>\n<!-- \/ Yoast SEO plugin. -->","yoast_head_json":{"title":"Hist\u00f2ria - REFRICA","robots":{"index":"index","follow":"follow","max-snippet":"max-snippet:-1","max-image-preview":"max-image-preview:large","max-video-preview":"max-video-preview:-1"},"canonical":"https:\/\/www.refrica.com\/ca\/qui-som\/historia\/","og_locale":"ca_ES","og_type":"article","og_title":"Hist\u00f2ria - REFRICA","og_description":"[vc_row full_width=&#8221;stretch_row_content_no_spaces&#8221; parallax=&#8221;content-moving&#8221; bg_type=&#8221;image&#8221; parallax_style=&#8221;vcpb-default&#8221; bg_image_new=&#8221;id^165|url^https:\/\/www.refrica.com\/wp-content\/uploads\/2018\/05\/portada_histioria.jpg|caption^null|alt^null|title^portada_histioria|description^null&#8221; bg_image_repeat=&#8221;no-repeat&#8221; bg_img_attach=&#8221;fixed&#8221; bg_override=&#8221;ex-full&#8221; css=&#8221;.vc_custom_1525429446860{margin-top: 0px !important;border-top-width: 0px !important;padding-top: 0px !important;background-position: center;background-repeat: no-repeat;background-size: contain !important;}&#8221;][vc_column css=&#8221;.vc_custom_1525487752129{margin-top: 0px !important;border-top-width: 0px !important;padding-top: 0px !important;}&#8221; offset=&#8221;vc_hidden-md vc_hidden-sm vc_hidden-xs&#8221;][vc_empty_space height=&#8221;300&#8243;][vc_column_text css_animation=&#8221;fadeInDown&#8221;] HIST\u00d2RIA [\/vc_column_text][vc_empty_space height=&#8221;300&#8243;][\/vc_column][\/vc_row][vc_row full_width=&#8221;stretch_row_content_no_spaces&#8221; parallax=&#8221;content-moving&#8221; bg_type=&#8221;image&#8221; parallax_style=&#8221;vcpb-default&#8221; bg_image_new=&#8221;id^165|url^https:\/\/www.refrica.com\/wp-content\/uploads\/2018\/05\/portada_histioria.jpg|caption^null|alt^null|title^portada_histioria|description^null&#8221; bg_image_repeat=&#8221;no-repeat&#8221; bg_img_attach=&#8221;fixed&#8221; bg_override=&#8221;ex-full&#8221; css=&#8221;.vc_custom_1525429446860{margin-top: 0px !important;border-top-width: 0px !important;padding-top: 0px !important;background-position: center;background-repeat: no-repeat;background-size:contain !important;}&#8221;][vc_column css=&#8221;.vc_custom_1525488072280{margin-top: 0px&hellip;","og_url":"https:\/\/www.refrica.com\/ca\/qui-som\/historia\/","og_site_name":"REFRICA","article_publisher":"https:\/\/www.facebook.com\/Refrica-170080633137333\/","article_modified_time":"2024-03-14T13:49:00+00:00","og_image":[{"url":"https:\/\/www.refrica.com\/wp-content\/uploads\/2018\/05\/franja-vermella-titols-64x300.png","type":"","width":"","height":""}],"twitter_card":"summary_large_image","twitter_site":"@refrica_sa","twitter_misc":{"Temps estimat de lectura":"3 minuts"},"schema":{"@context":"https:\/\/schema.org","@graph":[{"@type":"WebPage","@id":"https:\/\/www.refrica.com\/ca\/qui-som\/historia\/","url":"https:\/\/www.refrica.com\/ca\/qui-som\/historia\/","name":"Hist\u00f2ria - REFRICA","isPartOf":{"@id":"https:\/\/www.refrica.com\/#website"},"primaryImageOfPage":{"@id":"https:\/\/www.refrica.com\/ca\/qui-som\/historia\/#primaryimage"},"image":{"@id":"https:\/\/www.refrica.com\/ca\/qui-som\/historia\/#primaryimage"},"thumbnailUrl":"https:\/\/www.refrica.com\/wp-content\/uploads\/2018\/05\/franja-vermella-titols-64x300.png","datePublished":"2018-04-25T11:38:18+00:00","dateModified":"2024-03-14T13:49:00+00:00","breadcrumb":{"@id":"https:\/\/www.refrica.com\/ca\/qui-som\/historia\/#breadcrumb"},"inLanguage":"ca","potentialAction":[{"@type":"ReadAction","target":["https:\/\/www.refrica.com\/ca\/qui-som\/historia\/"]}]},{"@type":"ImageObject","inLanguage":"ca","@id":"https:\/\/www.refrica.com\/ca\/qui-som\/historia\/#primaryimage","url":"https:\/\/www.refrica.com\/wp-content\/uploads\/2018\/05\/franja-vermella-titols-64x300.png","contentUrl":"https:\/\/www.refrica.com\/wp-content\/uploads\/2018\/05\/franja-vermella-titols-64x300.png"},{"@type":"BreadcrumbList","@id":"https:\/\/www.refrica.com\/ca\/qui-som\/historia\/#breadcrumb","itemListElement":[{"@type":"ListItem","position":1,"name":"Portada","item":"https:\/\/www.refrica.com\/ca\/"},{"@type":"ListItem","position":2,"name":"Qui som","item":"https:\/\/www.refrica.com\/ca\/qui-som\/"},{"@type":"ListItem","position":3,"name":"Hist\u00f2ria"}]},{"@type":"WebSite","@id":"https:\/\/www.refrica.com\/#website","url":"https:\/\/www.refrica.com\/","name":"REFRICA","description":"La importancia del fr&iacute;o","publisher":{"@id":"https:\/\/www.refrica.com\/#organization"},"potentialAction":[{"@type":"SearchAction","target":{"@type":"EntryPoint","urlTemplate":"https:\/\/www.refrica.com\/?s={search_term_string}"},"query-input":{"@type":"PropertyValueSpecification","valueRequired":true,"valueName":"search_term_string"}}],"inLanguage":"ca"},{"@type":"Organization","@id":"https:\/\/www.refrica.com\/#organization","name":"Refrica","url":"https:\/\/www.refrica.com\/","logo":{"@type":"ImageObject","inLanguage":"ca","@id":"https:\/\/www.refrica.com\/#\/schema\/logo\/image\/","url":"https:\/\/www.refrica.com\/wp-content\/uploads\/2018\/05\/LOGO-REFRICA-02.png","contentUrl":"https:\/\/www.refrica.com\/wp-content\/uploads\/2018\/05\/LOGO-REFRICA-02.png","width":3508,"height":1147,"caption":"Refrica"},"image":{"@id":"https:\/\/www.refrica.com\/#\/schema\/logo\/image\/"},"sameAs":["https:\/\/www.facebook.com\/Refrica-170080633137333\/","https:\/\/x.com\/refrica_sa","https:\/\/www.instagram.com\/refrica_sa\/","https:\/\/www.linkedin.com\/company\/refrica\/","https:\/\/www.youtube.com\/channel\/UCXZjTL17dq9iiBCQW9QJDow"]}]}},"_links":{"self":[{"href":"https:\/\/www.refrica.com\/ca\/wp-json\/wp\/v2\/pages\/887","targetHints":{"allow":["GET"]}}],"collection":[{"href":"https:\/\/www.refrica.com\/ca\/wp-json\/wp\/v2\/pages"}],"about":[{"href":"https:\/\/www.refrica.com\/ca\/wp-json\/wp\/v2\/types\/page"}],"author":[{"embeddable":true,"href":"https:\/\/www.refrica.com\/ca\/wp-json\/wp\/v2\/users\/1"}],"replies":[{"embeddable":true,"href":"https:\/\/www.refrica.com\/ca\/wp-json\/wp\/v2\/comments?post=887"}],"version-history":[{"count":8,"href":"https:\/\/www.refrica.com\/ca\/wp-json\/wp\/v2\/pages\/887\/revisions"}],"predecessor-version":[{"id":5573,"href":"https:\/\/www.refrica.com\/ca\/wp-json\/wp\/v2\/pages\/887\/revisions\/5573"}],"up":[{"embeddable":true,"href":"https:\/\/www.refrica.com\/ca\/wp-json\/wp\/v2\/pages\/959"}],"wp:attachment":[{"href":"https:\/\/www.refrica.com\/ca\/wp-json\/wp\/v2\/media?parent=887"}],"curies":[{"name":"wp","href":"https:\/\/api.w.org\/{rel}","templated":true}]}}